{"id":10319,"date":"2018-02-26T13:05:40","date_gmt":"2018-02-26T11:05:40","guid":{"rendered":"https:\/\/fs.ee\/tristar\/"},"modified":"2022-09-14T08:51:31","modified_gmt":"2022-09-14T05:51:31","slug":"tristar","status":"publish","type":"page","link":"https:\/\/fs.ee\/fi\/tristar\/","title":{"rendered":"TRISTAR"},"content":{"rendered":"\n<div class=\"promo\">\n\n\n\n<h2 class=\"wp-block-heading\"><strong>Kvaliteetsed Tristar rehvid p\u00e4rinevad L\u00f5una-Aafrikast<\/strong><\/h2>\n\n\n\n<p>L\u00f5una-Aafrikast kasvab v\u00e4lja mitmeid kvaliteetsete autokomponentide tootjaid. \u00dcks neist on t\u00f5usev globaalse haardega firma Tristar. Nad toodavad rehve nii s\u00f5iduautodele, maasturitele kui ka kaubikutele. Kui alguses keskendus Tristar rehvide m\u00fc\u00fck rohkem kohalikule turule, siis n\u00fc\u00fcd on nad sisenenud edukalt Euroopasse. Sisenemise eelduseks on firma hakanud disainima ja tootma rehve rahvusvahelistele ning Euroopa Liidu p\u00f5histele standarditele vastates. Selle innovatiivse ja targalt toimetava ettev\u00f5tte rehvid v\u00f5ivad ka sinu autot edukalt tee peal hoidma hakata!<\/p>\n\n\n\n<h2 class=\"wp-block-heading\"><strong>Tristar rehvid vastavad k\u00f5rgeimatele standarditele<\/strong><\/h2>\n\n\n\n<p>Selle tootja rehvid vastavad mitmetele standarditele, et tagada ostjatele k\u00f5rge kvaliteet ning ohutu ja \u00f6konoomne s\u00f5it. Muuhulgas j\u00e4lgitakse, et s\u00e4iliks vastavus j\u00e4rgnevatele standarditele:<\/p>\n\n\n\n<ul class=\"wp-block-list\"><li>S-mark sertifikaat m\u00fcratasemete jaoks<\/li><li>E-mark sertifikaat baasn\u00e4itajate osas<\/li><li>Vastavus REACH standarditega, mis puudutavad ohtlike kemikaalide v\u00e4ltimist tootmisprotsessis<\/li><\/ul>\n\n\n\n<p>Keskeltl\u00e4bi paiskab Tristar turule \u00fche rehvide kollektsiooni v\u00e4ljalaske k\u00e4igus \u00fcle saja erineva suuruse. L\u00e4bi aegade on nad teinud suur t\u00f6\u00f6d, et t\u00e4iustada oma valikus olevaid tooteid. Firma rehve iseloomustab stabiilsus suuremate kiiruste juures, k\u00fctusekulu \u00f6konoomsus ja l\u00fchike pidurdusteekond. Samuti j\u00e4lgitakse disainiprotsessi k\u00e4igus libeda tee d\u00fcnaamikat, et tagada maksimaalne v\u00f5imalik turvalisus nende rehvide kasutajatele.<\/p>\n\n\n\n<p>Tristar talverehvid on v\u00e4ga hea haakuvusega, mis toimivad Eesti l\u00f6rtsisegustel v\u00f5i lumistel talveteedel t\u00e4pselt nagu vaja. Nende populaarseimate talverehvide hulka kuuluvad Snowpower koos &#8221;2&#8221; ning &#8221;SUV&#8221; m\u00e4rgistust kandvate versioonidega. Talvisteks s\u00f5itudeks m\u00f5eldud rehvid on ehitatud uusima tehnoloogiaga, mis tagab j\u00e4itunud teedel juhile kindlustunde.<\/p>\n\n\n\n<p>Ka Tristar suverehvid pakuvad stabiilset s\u00f5itu, mis ei reosta liialt keskkonda ega t\u00f5sta k\u00fctusekulusid k\u00f5rgele. Nende Ecopower rehvid on ise\u00e4ranis heade omadustega, kui eesm\u00e4rk on v\u00f5imalikult s\u00e4\u00e4stvalt s\u00f5ita nii rahakoti kui looduse m\u00f5istes. Kuigi v\u00f5rreldes m\u00f5ningate konkurentidega on Tristar tooted veidi soodsamad, siis v\u00f5id alati kindel olla, et see hinnaerinevus ei tulene kokkuhoiust kvaliteedi pealt.<\/p>\n\n\n\n<h3 class=\"wp-block-heading\">Osta Tristar\u2019i rehve mugavalt meie veebipoest<\/h3>\n\n\n\n<p>Kui tahad endale soetada kiirelt ja stressivabalt suurep\u00e4rase hinnatasemega rehvid, siis soovitus on selge: Tristar rehvid ostke internetist. Tegelikult siit samast, FS.ee kodulehelt. Saad h\u00f5lpsalt lisada enda eelistuste kohaselt filtreid, mille p\u00f5hjal pikemast nimekirjast just vajadustele sobivaid rehve v\u00e4lja otsida.<\/p>\n\n\n\n<p>Tristar v\u00f5ib olla parim rehvikompanii valik, kui eesm\u00e4rk on leida tasakaal vastupidavuse ning madalama hinna vahel. Tegu v\u00f5ib k\u00fcll olla soodsamate rehvide tootjaga, kuid testid on n\u00e4idanud, et nende rehvid ei j\u00e4\u00e4 konkurentsis proportsionaalselt konkurentidele alla. Just sellep\u00e4rast tasub kaaluda oma j\u00e4rgmiseks suve- v\u00f5i talverehvideks selle L\u00f5una-Aafrika tootja rehvikollektsioone. N\u00e4iteks aina menukuses kasvavat Tristar suverehvide Ecopower sarja, mida iseloomustab efektiivsust, turvalisus ja pikaaegne s\u00f5idukindlus.<\/p>\n\n\n\n<p>Meie kodulehelt saad soetada t\u00e4pselt sobiva Tristar mudeli enda auto parameetri p\u00f5hjal. See teeb terve ostuprotsessi lihtsamaks. Kui soovid aga komplekti soetamise j\u00e4rel paigaldust, siis ei ole vaja otsinguid j\u00e4tkata. Saame sinu rehvid \u00e4ra vahetada \u00fches oma partnerite t\u00f6\u00f6kodadest, mida on kokku 25 asukohas \u00fcle terve Eesti.<\/p>\n\n\n\n<\/div>\n","protected":false},"excerpt":{"rendered":"<p>Kvaliteetsed Tristar rehvid p\u00e4rinevad L\u00f5una-Aafrikast L\u00f5una-Aafrikast kasvab v\u00e4lja mitmeid kvaliteetsete autokomponentide tootjaid. \u00dcks neist on t\u00f5usev globaalse haardega firma Tristar. Nad toodavad rehve nii s\u00f5iduautodele, maasturitele kui ka kaubikutele. Kui alguses keskendus Tristar rehvide m\u00fc\u00fck rohkem kohalikule turule, siis n\u00fc\u00fcd on nad sisenenud edukalt Euroopasse. Sisenemise eelduseks on firma hakanud disainima ja tootma rehve rahvusvahelistele [&hellip;]<\/p>\n","protected":false},"author":11,"featured_media":0,"parent":0,"menu_order":3,"comment_status":"closed","ping_status":"closed","template":"page-tristar.php","meta":{"_acf_changed":false,"footnotes":""},"class_list":["post-10319","page","type-page","status-publish","hentry"],"acf":[],"aioseo_notices":[],"_links":{"self":[{"href":"https:\/\/fs.ee\/fi\/wp-json\/wp\/v2\/pages\/10319","targetHints":{"allow":["GET"]}}],"collection":[{"href":"https:\/\/fs.ee\/fi\/wp-json\/wp\/v2\/pages"}],"about":[{"href":"https:\/\/fs.ee\/fi\/wp-json\/wp\/v2\/types\/page"}],"author":[{"embeddable":true,"href":"https:\/\/fs.ee\/fi\/wp-json\/wp\/v2\/users\/11"}],"replies":[{"embeddable":true,"href":"https:\/\/fs.ee\/fi\/wp-json\/wp\/v2\/comments?post=10319"}],"version-history":[{"count":0,"href":"https:\/\/fs.ee\/fi\/wp-json\/wp\/v2\/pages\/10319\/revisions"}],"wp:attachment":[{"href":"https:\/\/fs.ee\/fi\/wp-json\/wp\/v2\/media?parent=10319"}],"curies":[{"name":"wp","href":"https:\/\/api.w.org\/{rel}","templated":true}]}}