{"id":17431,"date":"2020-08-25T14:46:43","date_gmt":"2020-08-25T11:46:43","guid":{"rendered":"https:\/\/fs.ee\/kumho\/"},"modified":"2022-10-11T22:12:28","modified_gmt":"2022-10-11T19:12:28","slug":"kumho","status":"publish","type":"page","link":"https:\/\/fs.ee\/en\/kumho\/","title":{"rendered":"KUMHO"},"content":{"rendered":"\n<div class=\"promo\">\n\n\n\n<h2 class=\"wp-block-heading\"><strong>Kumho rehvid annavad sulle s\u00f5idukindluse<\/strong><\/h2>\n\n\n\n<p>L\u00f5una-Koreast p\u00e4rit rehvide br\u00e4nd Kumho on teeninud juba pikka aega autoomanike ootuseid, kes eelistavad uuenduslikke tehnoloogiaid ning k\u00f5rget kvaliteeti. Nad alustasid vaid tagasihoidlikust laohoonest, ent arendasid ajapikku v\u00e4lja \u00fclemaailmse haardega rehvifirma. Kui otsustad osta Kumho suverehvid v\u00f5i m\u00f5ne muu toote, siis v\u00f5id alati kindel olla nende k\u00f5rges kvaliteedis ning optimaalses s\u00f5idukindluses. Selle tagavad korralikud tootmisstandardid, pidev kvaliteedikontroll ja j\u00e4rjepidev tehnoloogiate arendamine. T\u00f5hus tootmine omab praktilist kasu tavaelus. N\u00e4iteks Kumho talverehvid hoiavad su s\u00f5iduautot kindlalt j\u00e4isel v\u00f5i l\u00f6rtsisel teel. V\u00e4hem stressi ja rohkem meelerahu!<\/p>\n\n\n\n<h2 class=\"wp-block-heading\"><strong>Miks valida endale just Kumho rehvid?<\/strong><\/h2>\n\n\n\n<p>Selle tootja rehvid on v\u00e4lja arendatud sobimaks laiap\u00f5hjalisele klientuurile. Tootevalikust v\u00f5id leida spetsiifilistele vajadustele loodud rehve, kuid ka universaalseks kasutuseks m\u00f5eldud tooteid. \u00dcldjoontes on nende rehvidel suurep\u00e4rane haakuvus nii kuivades kui libedates teeoludes. Mustrid on loodud eesm\u00e4rgiga v\u00e4hendada s\u00f5iduga kaasnevat vibratsiooni ja teekattega kokku puutumisel tekkivat m\u00fcra.<\/p>\n\n\n\n<p>Neil on kasutusel mitmeid tehnoloogilisi lahendusi, n\u00e4iteks ESCOT. See lahendus t\u00e4iustab tagasisidet roolikeeramise k\u00e4igus ja t\u00f5stab \u00fcle\u00fcldist rehvi eluiga m\u00e4rgatavalt. Sarnaselt toimib nende valitud silikoonkate, mis on kasutusel l\u00f5viosas Kumho rehvidest. Sa v\u00f5id s\u00f5ita millal ja kuhu iganes: selle L\u00f5una-Korea tunnustatud rehvitootja lahendused annavad sulle pideva kindluse.<\/p>\n\n\n\n<p>Kui sinu valikus on Kumho lamellrehvid v\u00f5i muud rehvit\u00fc\u00fcbid, siis v\u00f5id kindel olla, et nende tooted annavad sulle t\u00e4iendava s\u00f5idumugavuse. Seejuures pole Kumho tooted alati k\u00f5ige kallimad turul. K\u00f5rvutades m\u00f5ningaid rehve turu tuntuimate tegijatega, siis v\u00f5id saada samas kvaliteediklassis tunduvalt konkurentsiv\u00f5imekamate hindadega rehve just nimelt Kumho tehastest saabunud toodetega.<\/p>\n\n\n\n<h3 class=\"wp-block-heading\">Kuidas hankida h\u00f5lpsalt ja kiiresti Kumho rehvid?<\/h3>\n\n\n\n<p>Kui oled otsinud juba pikemat aega rehve, millel on tugev j\u00f5udlus ja hea minek, ent ei ole tahtnud k\u00f5rgeimat hinda maksta, siis need rehvid v\u00f5ib olla sinu parim valik. Kumho rehvide m\u00fc\u00fck ja ost k\u00e4ib k\u00f5ige sujuvamalt otse internetist. Selleks ei pea kaugemale minema, siit samast FS.ee kodulehelt leiad endale vastupidavad, kvaliteetsed ja t\u00f6\u00f6kindlad rehvid.<\/p>\n\n\n\n<p>Meie eesm\u00e4rk on pakkuda tasemel teenindust, t\u00f5husaid rehve ning mugavat veebisaiti. Siit lehelt leiad erinevaid Kumho rehve, mis sobivad nii s\u00fcdasuvisteks v\u00e4ljas\u00f5itudeks kui ka talvisteks t\u00f6\u00f6otsadeks.<\/p>\n\n\n\n<p>Kodust pole vaja lahkuda, sest siit e-poest leiad endale vajalikud rehvid h\u00f5lpsalt k\u00e4tte. Kui tahad t\u00f5sta talvise s\u00f5idu turvalisust, siis leiad endale kvaliteetsed ja hea haarduvusega talverehvid. Aastaringseks s\u00f5idum\u00f5nuks on alati v\u00f5imalik v\u00f5tta Kumho lamellrehvid, mis on l\u00e4bi aegade endale arvestatava austajaskonna v\u00e4lja teeninud. Lihtsalt kasuta meie mugavat otsinguvormi, sea endale sobivad filtrid ja v\u00f5idki hakata avastama meie laia tootevalikut.<\/p>\n\n\n\n<p>\u00f5petuseks on aga \u00fcks asi selge: kui oled parimate rehvitootjate otsingutel, siis Kumho on br\u00e4nd, millest on raske m\u00f6\u00f6da vaadata. Inovatiivne tehnoloogia, kvaliteetsed materjalid ja t\u00e4helepanu v\u00e4ikestele detailidele on viinud selle firma favoriitide sekka. Nende kaubam\u00e4rk on n\u00fc\u00fcdseks endale seadnud standardid, millest madalamale enam see L\u00f5una-Korea ettev\u00f5te ei l\u00e4he.<\/p>\n\n\n\n<\/div>\n","protected":false},"excerpt":{"rendered":"<p>Kumho rehvid annavad sulle s\u00f5idukindluse L\u00f5una-Koreast p\u00e4rit rehvide br\u00e4nd Kumho on teeninud juba pikka aega autoomanike ootuseid, kes eelistavad uuenduslikke tehnoloogiaid ning k\u00f5rget kvaliteeti. Nad alustasid vaid tagasihoidlikust laohoonest, ent arendasid ajapikku v\u00e4lja \u00fclemaailmse haardega rehvifirma. Kui otsustad osta Kumho suverehvid v\u00f5i m\u00f5ne muu toote, siis v\u00f5id alati kindel olla nende k\u00f5rges kvaliteedis ning optimaalses [&hellip;]<\/p>\n","protected":false},"author":11,"featured_media":0,"parent":0,"menu_order":3,"comment_status":"closed","ping_status":"closed","template":"page-kumho.php","meta":{"_acf_changed":false,"footnotes":""},"class_list":["post-17431","page","type-page","status-publish","hentry"],"acf":[],"aioseo_notices":[],"_links":{"self":[{"href":"https:\/\/fs.ee\/en\/wp-json\/wp\/v2\/pages\/17431","targetHints":{"allow":["GET"]}}],"collection":[{"href":"https:\/\/fs.ee\/en\/wp-json\/wp\/v2\/pages"}],"about":[{"href":"https:\/\/fs.ee\/en\/wp-json\/wp\/v2\/types\/page"}],"author":[{"embeddable":true,"href":"https:\/\/fs.ee\/en\/wp-json\/wp\/v2\/users\/11"}],"replies":[{"embeddable":true,"href":"https:\/\/fs.ee\/en\/wp-json\/wp\/v2\/comments?post=17431"}],"version-history":[{"count":0,"href":"https:\/\/fs.ee\/en\/wp-json\/wp\/v2\/pages\/17431\/revisions"}],"wp:attachment":[{"href":"https:\/\/fs.ee\/en\/wp-json\/wp\/v2\/media?parent=17431"}],"curies":[{"name":"wp","href":"https:\/\/api.w.org\/{rel}","templated":true}]}}