{"id":10231,"date":"2018-02-26T12:46:56","date_gmt":"2018-02-26T10:46:56","guid":{"rendered":"https:\/\/fs.ee\/norrsken\/"},"modified":"2025-11-18T13:00:54","modified_gmt":"2025-11-18T11:00:54","slug":"norrsken","status":"publish","type":"page","link":"https:\/\/fs.ee\/en\/norrsken\/","title":{"rendered":"NORRSKEN"},"content":{"rendered":"\n<div class=\"promo\">\n\n\n\n<h2 class=\"wp-block-heading\"><strong>P\u00f5hjamaiselt kargest ilust inspireeritud Norrsken rehvid<\/strong><\/h2>\n\n\n\n<p>Norrsken on 2018 aastal loodud L\u00e4ti rehvibr\u00e4nd, rehvide tootmine toimub aga Itaalias. Norrsken rehvid on inspireeritud k\u00fclmadest polaar\u00f6\u00f6dest ning virmaliste kaunist vaatem\u00e4ngust. Kui l\u00fc\u00fcrika k\u00f5rvale j\u00e4tta, siis \u00fcks asi on selge: Norrsken kaubam\u00e4rgi alt leiavad k\u00f5ik autojuhid endale kvaliteetsed ja vastupidavad <a href=\"https:\/\/fs.ee\/en\/tires\/\">rehvid<\/a>. Kvaliteet v\u00e4ljendub nii valitud materjalides kui ka maanteedel tehtud testides.<\/p>\n\n\n\n<p>Norrsken talverehvide p\u00f5hiline m\u00fc\u00fcgiargument seisneb nende Ice Razor tootesarjas. Nimelt v\u00f5tsid nad kasutusele V-t\u00fc\u00fcpi suunatud rehvimustrite kombinatsiooni. See aitab hoida juhi enesekindlust lumistel ja j\u00e4istel pindadel. Lai keskosa koos stabiilsete \u00f5lablokkidega pakub keskmisest paremat man\u00f6\u00f6verdatavust. Lisaks eelnevale on m\u00e4ngu pandud siksakilised sopistused, mis tagavad eestimaiselt kargete talveilmadega erakordset j\u00f5udlust k\u00f5ige raskemate teeoludega.<\/p>\n\n\n\n<h2 class=\"wp-block-heading\"><strong>Keskkonnas\u00e4\u00e4stlik tootmise tehnoloogia Norrskenilt<\/strong><\/h2>\n\n\n\n<p>M\u00f5istliku hinnaklassi juures kasutavad tootjad ainult premium-taseme rehvikarkasse. Seep\u00e4rast kasvatab Norrsken rehvide m\u00fc\u00fck Eestis aina populaarsust. Pealegi sisaldavad need rehvid materjale, mis on t\u00e4iesti keskkonnas\u00f5bralikud. Nimelt on v\u00f5tnud antud firma endale eesm\u00e4rgiks kasutada v\u00e4hemalt 80% vanade rehvide sisu oma uute rehvide tootmises. Tulemuseks on see, et iga \u00fcksiku rehvikomplekti ostuga toetad s\u00e4\u00e4stlikku m\u00f5tteviisi ning keskkonna s\u00e4ilitamist tulevastele p\u00f5lvkondadele.<\/p>\n\n\n\n<p>Robustne disain annab juhtidele talvistes ilmaoludes lisakindluse, et s\u00f5iduk p\u00fcsib korralikult teel. Arvestades, et Eestis v\u00f5ib aeg-ajalt talvise perioodi ajal asjad kiiresti muutuda, siis m\u00e4rjast libedatel teedel p\u00fcsivust lisav disain annab t\u00e4iendavat kasu. K\u00f5ik Norrsken suverehvid ja teised tooted on valmistatud ECE standardeid silmas pidades. T\u00e4iendavalt on rehve kontrollinud T\u00dcV NORD &#8211; Saksamaalt p\u00e4rit j\u00e4relvalve ja toote sertifitseerimise teenus.<\/p>\n\n\n\n<h3 class=\"wp-block-heading\">Kas soovid hankida kvaliteetsed Norrsken rehvid kiirelt-mugavalt?<\/h3>\n\n\n\n<p>Antud rehvid on just nimelt p\u00f5hjamaistele tingimustele vastavalt toodetud. Seega pakutakse Baltimaades suurep\u00e4rast v\u00e4\u00e4rtust. Lumest kaetud teed, l\u00f6rtsisegused pinnakatted ning kiilasj\u00e4\u00e4 on k\u00f5ik tavalised ohud parasv\u00f6\u00f6tme talves. Iga autojuhi oluline \u00fclesanne on viia oma auto varustus vajalikule tasemele, mis aitaks selliste kliimatingimustega toime tulla.<\/p>\n\n\n\n<p>Osta juba t\u00e4na FS.ee e-poest sobiv Norrsken rehvikomplekti. Internetist rehve soetades saad mugavalt ja kiirelt \u00fclevaate k\u00f5ikidest saadavatest toodetest. Seejuures saad endale rehvid otse koju v\u00f5i sobivasse t\u00f6\u00f6kotta tellida. Lisav\u00e4\u00e4rtust pakub FS.ee laiap\u00f5hjaline partnerite v\u00f5rgustik, mille olemasolu teeb hooajalise <a href=\"https:\/\/fs.ee\/teenused\/rehvitood-2\/\">rehvivahetuse<\/a> senisest tunduvalt lihtsamaks. Lihtsalt kasuta meie otsingu filtreid, vali v\u00e4lja sobiv komplekt, maksa rehvide eest ning saadki nautida turvalist s\u00f5itu!<\/p>\n\n\n\n<\/div>\n","protected":false},"excerpt":{"rendered":"<p>P\u00f5hjamaiselt kargest ilust inspireeritud Norrsken rehvid Norrsken on 2018 aastal loodud L\u00e4ti rehvibr\u00e4nd, rehvide tootmine toimub aga Itaalias. Norrsken rehvid on inspireeritud k\u00fclmadest polaar\u00f6\u00f6dest ning virmaliste kaunist vaatem\u00e4ngust. Kui l\u00fc\u00fcrika k\u00f5rvale j\u00e4tta, siis \u00fcks asi on selge: Norrsken kaubam\u00e4rgi alt leiavad k\u00f5ik autojuhid endale kvaliteetsed ja vastupidavad rehvid. Kvaliteet v\u00e4ljendub nii valitud materjalides kui ka [&hellip;]<\/p>\n","protected":false},"author":11,"featured_media":0,"parent":0,"menu_order":3,"comment_status":"closed","ping_status":"closed","template":"page-norrsken.php","meta":{"_acf_changed":false,"footnotes":""},"class_list":["post-10231","page","type-page","status-publish","hentry"],"acf":[],"aioseo_notices":[],"_links":{"self":[{"href":"https:\/\/fs.ee\/en\/wp-json\/wp\/v2\/pages\/10231","targetHints":{"allow":["GET"]}}],"collection":[{"href":"https:\/\/fs.ee\/en\/wp-json\/wp\/v2\/pages"}],"about":[{"href":"https:\/\/fs.ee\/en\/wp-json\/wp\/v2\/types\/page"}],"author":[{"embeddable":true,"href":"https:\/\/fs.ee\/en\/wp-json\/wp\/v2\/users\/11"}],"replies":[{"embeddable":true,"href":"https:\/\/fs.ee\/en\/wp-json\/wp\/v2\/comments?post=10231"}],"version-history":[{"count":2,"href":"https:\/\/fs.ee\/en\/wp-json\/wp\/v2\/pages\/10231\/revisions"}],"predecessor-version":[{"id":34346,"href":"https:\/\/fs.ee\/en\/wp-json\/wp\/v2\/pages\/10231\/revisions\/34346"}],"wp:attachment":[{"href":"https:\/\/fs.ee\/en\/wp-json\/wp\/v2\/media?parent=10231"}],"curies":[{"name":"wp","href":"https:\/\/api.w.org\/{rel}","templated":true}]}}